{"id":2,"date":"2024-09-20T11:16:08","date_gmt":"2024-09-20T11:16:08","guid":{"rendered":"https:\/\/carpinteriaartetxe.rkinformatika.online\/?page_id=2"},"modified":"2025-01-08T15:26:45","modified_gmt":"2025-01-08T15:26:45","slug":"inicio","status":"publish","type":"page","link":"https:\/\/primatimberproducts.eu\/eu\/","title":{"rendered":"Hasiera"},"content":{"rendered":"<div data-elementor-type=\"wp-page\" data-elementor-id=\"2\" class=\"elementor elementor-2\" data-elementor-post-type=\"page\">\n\t\t\t\t<div class=\"elementor-element elementor-element-99bfd16 e-con-full e-flex e-con e-parent\" data-id=\"99bfd16\" data-element_type=\"container\" data-e-type=\"container\" data-settings=\"{&quot;background_background&quot;:&quot;classic&quot;}\">\n\t\t\t\t<div class=\"elementor-element elementor-element-fe7d472 elementor-widget elementor-widget-heading\" data-id=\"fe7d472\" data-element_type=\"widget\" data-e-type=\"widget\" data-widget_type=\"heading.default\">\n\t\t\t\t<div class=\"elementor-widget-container\">\n\t\t\t\t\t<h2 class=\"elementor-heading-title elementor-size-default\">Prima Timber Productos<\/h2>\t\t\t\t<\/div>\n\t\t\t\t<\/div>\n\t\t\t\t<\/div>\n\t\t<div class=\"elementor-element elementor-element-86dc876 e-flex e-con-boxed e-con e-parent\" data-id=\"86dc876\" data-element_type=\"container\" data-e-type=\"container\">\n\t\t\t\t\t<div class=\"e-con-inner\">\n\t\t<div class=\"elementor-element elementor-element-e54591e e-con-full e-flex e-con e-child\" data-id=\"e54591e\" data-element_type=\"container\" data-e-type=\"container\">\n\t\t\t\t<div class=\"elementor-element elementor-element-54c724a elementor-widget__width-initial elementor-widget elementor-widget-heading\" data-id=\"54c724a\" data-element_type=\"widget\" data-e-type=\"widget\" data-widget_type=\"heading.default\">\n\t\t\t\t<div class=\"elementor-widget-container\">\n\t\t\t\t\t<h2 class=\"elementor-heading-title elementor-size-default\">Guri Buruz<\/h2>\t\t\t\t<\/div>\n\t\t\t\t<\/div>\n\t\t\t\t<div class=\"elementor-element elementor-element-7278379 elementor-widget elementor-widget-text-editor\" data-id=\"7278379\" data-element_type=\"widget\" data-e-type=\"widget\" data-widget_type=\"text-editor.default\">\n\t\t\t\t<div class=\"elementor-widget-container\">\n\t\t\t\t\t\t\t\t\t<p>Prima Timber Productos SL <strong>Gironan dago,<\/strong> zuraren eta eraikuntzako materialen bitartekaritza komertzialean espezializatutako enpresa bat da, eta erreferente gisa finkatu da sektorean, ikuspegi integrala duelako eta bikaintasunarekiko konpromisoa duelako. Gure gizarteak esperientzia, berrikuntza eta jasangarritasuna uztartzen ditu, Espainiako eta nazioarteko bezeroen beharrei erantzuteko, irtenbide eraginkorrak eta pertsonalizatuak emanez.<\/p><p>Prima Timber Productos SLn, ulertzen dugu modu etiko eta jasangarrian jardutearen garrantzia. Horregatik, iturri arduratsuetatik datozen materialak lehenesten ditugu, eta kalitate eta ingurumen jasangarritasun estandar zorrotzen pean lan egiten dugu.<\/p><p>Berrikuntzan eta bezeroaren gogobetetzean oinarritutako ikuspegiarekin, gure enpresak produktuak emateaz gain, konfiantzan, gardentasunean eta balio erantsian oinarritutako harreman iraunkorrak eraikitzen ditu.<\/p>\t\t\t\t\t\t\t\t<\/div>\n\t\t\t\t<\/div>\n\t\t\t\t<\/div>\n\t\t<div class=\"elementor-element elementor-element-7e47aad e-con-full e-flex e-con e-child\" data-id=\"7e47aad\" data-element_type=\"container\" data-e-type=\"container\" data-settings=\"{&quot;background_background&quot;:&quot;classic&quot;}\">\n\t\t\t\t<\/div>\n\t\t\t\t\t<\/div>\n\t\t\t\t<\/div>\n\t\t<div class=\"elementor-element elementor-element-6f17978 e-con-full e-flex e-con e-parent\" data-id=\"6f17978\" data-element_type=\"container\" data-e-type=\"container\">\n\t\t\t\t<div class=\"elementor-element elementor-element-94e6235 elementor-cta--skin-cover elementor-animated-content elementor-bg-transform elementor-bg-transform-zoom-in elementor-widget elementor-widget-call-to-action\" data-id=\"94e6235\" data-element_type=\"widget\" data-e-type=\"widget\" data-widget_type=\"call-to-action.default\">\n\t\t\t\t<div class=\"elementor-widget-container\">\n\t\t\t\t\t\t\t<div class=\"elementor-cta\">\n\t\t\t\t\t<div class=\"elementor-cta__bg-wrapper\">\n\t\t\t\t<div class=\"elementor-cta__bg elementor-bg\" style=\"background-image: url(https:\/\/primatimberproducts.eu\/wp-content\/uploads\/2025\/01\/11023.jpg);\" role=\"img\" aria-label=\"11023\"><\/div>\n\t\t\t\t<div class=\"elementor-cta__bg-overlay\"><\/div>\n\t\t\t<\/div>\n\t\t\t\t\t\t\t<div class=\"elementor-cta__content\">\n\t\t\t\t\n\t\t\t\t\t\t\t\t\t<h2 class=\"elementor-cta__title elementor-cta__content-item elementor-content-item elementor-animated-item--grow\">\n\t\t\t\t\t\tEsperientzia eta Espezializazioa\t\t\t\t\t<\/h2>\n\t\t\t\t\n\t\t\t\t\t\t\t\t\t<div class=\"elementor-cta__description elementor-cta__content-item elementor-content-item elementor-animated-item--grow\">\n\t\t\t\t\t\tMerkatuari eta joerei buruz dugun ezagutzak aukera ematen digu soluzio berritzaileak eta neurrira egindakoak eskaintzeko.\t\t\t\t\t<\/div>\n\t\t\t\t\n\t\t\t\t\t\t\t\t\t<div class=\"elementor-cta__button-wrapper elementor-cta__content-item elementor-content-item elementor-animated-item--grow\">\n\t\t\t\t\t<a class=\"elementor-cta__button elementor-button elementor-size-\" href=\"https:\/\/primatimberproducts.eu\/eu\/servicios\/\">\n\t\t\t\t\t\tZerbitzuak\t\t\t\t\t<\/a>\n\t\t\t\t\t<\/div>\n\t\t\t\t\t\t\t<\/div>\n\t\t\t\t\t\t<\/div>\n\t\t\t\t\t\t<\/div>\n\t\t\t\t<\/div>\n\t\t\t\t<\/div>\n\t\t\t\t<\/div>","protected":false},"excerpt":{"rendered":"<p>Prima Timber Productos Sobre Nosotros Ubicada en Girona, Prima Timber Productos SL es una empresa especializada en la intermediaci\u00f3n comercial de madera y materiales de construcci\u00f3n, consolid\u00e1ndose como un referente en el sector por su enfoque integral y compromiso con la excelencia. Nuestra sociedad combina experiencia, innovaci\u00f3n y sostenibilidad para atender las necesidades de clientes [&hellip;]<\/p>\n","protected":false},"author":3,"featured_media":0,"parent":0,"menu_order":0,"comment_status":"closed","ping_status":"closed","template":"","meta":{"footnotes":""},"class_list":["post-2","page","type-page","status-publish","hentry"],"yoast_head":"<!-- This site is optimized with the Yoast SEO plugin v27.5 - https:\/\/yoast.com\/product\/yoast-seo-wordpress\/ -->\n<title>Inicio - Prima Timber Productos SL<\/title>\n<meta name=\"robots\" content=\"index, follow, max-snippet:-1, max-image-preview:large, max-video-preview:-1\" \/>\n<link rel=\"canonical\" href=\"https:\/\/primatimberproducts.eu\/eu\/\" \/>\n<meta property=\"og:locale\" content=\"en_US\" \/>\n<meta property=\"og:type\" content=\"article\" \/>\n<meta property=\"og:title\" content=\"Inicio - Prima Timber Productos SL\" \/>\n<meta property=\"og:description\" content=\"Prima Timber Productos Sobre Nosotros Ubicada en Girona, Prima Timber Productos SL es una empresa especializada en la intermediaci\u00f3n comercial de madera y materiales de construcci\u00f3n, consolid\u00e1ndose como un referente en el sector por su enfoque integral y compromiso con la excelencia. Nuestra sociedad combina experiencia, innovaci\u00f3n y sostenibilidad para atender las necesidades de clientes [&hellip;]\" \/>\n<meta property=\"og:url\" content=\"https:\/\/primatimberproducts.eu\/eu\/\" \/>\n<meta property=\"og:site_name\" content=\"Prima Timber Productos SL\" \/>\n<meta property=\"article:modified_time\" content=\"2025-01-08T15:26:45+00:00\" \/>\n<meta name=\"twitter:card\" content=\"summary_large_image\" \/>\n<meta name=\"twitter:label1\" content=\"Est. reading time\" \/>\n\t<meta name=\"twitter:data1\" content=\"1 minutua\" \/>\n<script type=\"application\/ld+json\" class=\"yoast-schema-graph\">{\"@context\":\"https:\\\/\\\/schema.org\",\"@graph\":[{\"@type\":\"WebPage\",\"@id\":\"https:\\\/\\\/primatimberproducts.eu\\\/\",\"url\":\"https:\\\/\\\/primatimberproducts.eu\\\/\",\"name\":\"Inicio - Prima Timber Productos SL\",\"isPartOf\":{\"@id\":\"https:\\\/\\\/primatimberproducts.eu\\\/#website\"},\"datePublished\":\"2024-09-20T11:16:08+00:00\",\"dateModified\":\"2025-01-08T15:26:45+00:00\",\"breadcrumb\":{\"@id\":\"https:\\\/\\\/primatimberproducts.eu\\\/#breadcrumb\"},\"inLanguage\":\"eu\",\"potentialAction\":[{\"@type\":\"ReadAction\",\"target\":[\"https:\\\/\\\/primatimberproducts.eu\\\/\"]}]},{\"@type\":\"BreadcrumbList\",\"@id\":\"https:\\\/\\\/primatimberproducts.eu\\\/#breadcrumb\",\"itemListElement\":[{\"@type\":\"ListItem\",\"position\":1,\"name\":\"Portada\",\"item\":\"https:\\\/\\\/primatimberproducts.eu\\\/\"},{\"@type\":\"ListItem\",\"position\":2,\"name\":\"Inicio\"}]},{\"@type\":\"WebSite\",\"@id\":\"https:\\\/\\\/primatimberproducts.eu\\\/#website\",\"url\":\"https:\\\/\\\/primatimberproducts.eu\\\/\",\"name\":\"Prima Timber Productos SL\",\"description\":\"Intermediarios del comercio de la madera y materiales de construcci\u00f3n\",\"publisher\":{\"@id\":\"https:\\\/\\\/primatimberproducts.eu\\\/#organization\"},\"potentialAction\":[{\"@type\":\"SearchAction\",\"target\":{\"@type\":\"EntryPoint\",\"urlTemplate\":\"https:\\\/\\\/primatimberproducts.eu\\\/?s={search_term_string}\"},\"query-input\":{\"@type\":\"PropertyValueSpecification\",\"valueRequired\":true,\"valueName\":\"search_term_string\"}}],\"inLanguage\":\"eu\"},{\"@type\":\"Organization\",\"@id\":\"https:\\\/\\\/primatimberproducts.eu\\\/#organization\",\"name\":\"Prima Timber Productos SL\",\"url\":\"https:\\\/\\\/primatimberproducts.eu\\\/\",\"logo\":{\"@type\":\"ImageObject\",\"inLanguage\":\"eu\",\"@id\":\"https:\\\/\\\/primatimberproducts.eu\\\/#\\\/schema\\\/logo\\\/image\\\/\",\"url\":\"https:\\\/\\\/primatimberproducts.eu\\\/wp-content\\\/uploads\\\/2025\\\/01\\\/cropped-prime-timber-logo-Definitiu.png\",\"contentUrl\":\"https:\\\/\\\/primatimberproducts.eu\\\/wp-content\\\/uploads\\\/2025\\\/01\\\/cropped-prime-timber-logo-Definitiu.png\",\"width\":793,\"height\":648,\"caption\":\"Prima Timber Productos SL\"},\"image\":{\"@id\":\"https:\\\/\\\/primatimberproducts.eu\\\/#\\\/schema\\\/logo\\\/image\\\/\"}}]}<\/script>\n<!-- \/ Yoast SEO plugin. -->","yoast_head_json":{"title":"Inicio - Prima Timber Productos SL","robots":{"index":"index","follow":"follow","max-snippet":"max-snippet:-1","max-image-preview":"max-image-preview:large","max-video-preview":"max-video-preview:-1"},"canonical":"https:\/\/primatimberproducts.eu\/eu\/","og_locale":"en_US","og_type":"article","og_title":"Inicio - Prima Timber Productos SL","og_description":"Prima Timber Productos Sobre Nosotros Ubicada en Girona, Prima Timber Productos SL es una empresa especializada en la intermediaci\u00f3n comercial de madera y materiales de construcci\u00f3n, consolid\u00e1ndose como un referente en el sector por su enfoque integral y compromiso con la excelencia. Nuestra sociedad combina experiencia, innovaci\u00f3n y sostenibilidad para atender las necesidades de clientes [&hellip;]","og_url":"https:\/\/primatimberproducts.eu\/eu\/","og_site_name":"Prima Timber Productos SL","article_modified_time":"2025-01-08T15:26:45+00:00","twitter_card":"summary_large_image","twitter_misc":{"Est. reading time":"1 minutua"},"schema":{"@context":"https:\/\/schema.org","@graph":[{"@type":"WebPage","@id":"https:\/\/primatimberproducts.eu\/","url":"https:\/\/primatimberproducts.eu\/","name":"Inicio - Prima Timber Productos SL","isPartOf":{"@id":"https:\/\/primatimberproducts.eu\/#website"},"datePublished":"2024-09-20T11:16:08+00:00","dateModified":"2025-01-08T15:26:45+00:00","breadcrumb":{"@id":"https:\/\/primatimberproducts.eu\/#breadcrumb"},"inLanguage":"eu","potentialAction":[{"@type":"ReadAction","target":["https:\/\/primatimberproducts.eu\/"]}]},{"@type":"BreadcrumbList","@id":"https:\/\/primatimberproducts.eu\/#breadcrumb","itemListElement":[{"@type":"ListItem","position":1,"name":"Portada","item":"https:\/\/primatimberproducts.eu\/"},{"@type":"ListItem","position":2,"name":"Inicio"}]},{"@type":"WebSite","@id":"https:\/\/primatimberproducts.eu\/#website","url":"https:\/\/primatimberproducts.eu\/","name":"Gironan dago,","description":"Intermediarios del comercio de la madera y materiales de construcci\u00f3n","publisher":{"@id":"https:\/\/primatimberproducts.eu\/#organization"},"potentialAction":[{"@type":"SearchAction","target":{"@type":"EntryPoint","urlTemplate":"https:\/\/primatimberproducts.eu\/?s={search_term_string}"},"query-input":{"@type":"PropertyValueSpecification","valueRequired":true,"valueName":"search_term_string"}}],"inLanguage":"eu"},{"@type":"Organization","@id":"https:\/\/primatimberproducts.eu\/#organization","name":"Gironan dago,","url":"https:\/\/primatimberproducts.eu\/","logo":{"@type":"ImageObject","inLanguage":"eu","@id":"https:\/\/primatimberproducts.eu\/#\/schema\/logo\/image\/","url":"https:\/\/primatimberproducts.eu\/wp-content\/uploads\/2025\/01\/cropped-prime-timber-logo-Definitiu.png","contentUrl":"https:\/\/primatimberproducts.eu\/wp-content\/uploads\/2025\/01\/cropped-prime-timber-logo-Definitiu.png","width":793,"height":648,"caption":"Prima Timber Productos SL"},"image":{"@id":"https:\/\/primatimberproducts.eu\/#\/schema\/logo\/image\/"}}]}},"_links":{"self":[{"href":"https:\/\/primatimberproducts.eu\/eu\/wp-json\/wp\/v2\/pages\/2","targetHints":{"allow":["GET"]}}],"collection":[{"href":"https:\/\/primatimberproducts.eu\/eu\/wp-json\/wp\/v2\/pages"}],"about":[{"href":"https:\/\/primatimberproducts.eu\/eu\/wp-json\/wp\/v2\/types\/page"}],"author":[{"embeddable":true,"href":"https:\/\/primatimberproducts.eu\/eu\/wp-json\/wp\/v2\/users\/3"}],"replies":[{"embeddable":true,"href":"https:\/\/primatimberproducts.eu\/eu\/wp-json\/wp\/v2\/comments?post=2"}],"version-history":[{"count":182,"href":"https:\/\/primatimberproducts.eu\/eu\/wp-json\/wp\/v2\/pages\/2\/revisions"}],"predecessor-version":[{"id":653,"href":"https:\/\/primatimberproducts.eu\/eu\/wp-json\/wp\/v2\/pages\/2\/revisions\/653"}],"wp:attachment":[{"href":"https:\/\/primatimberproducts.eu\/eu\/wp-json\/wp\/v2\/media?parent=2"}],"curies":[{"name":"wp","href":"https:\/\/api.w.org\/{rel}","templated":true}]}}