{"id":30,"date":"2024-09-20T11:50:15","date_gmt":"2024-09-20T11:50:15","guid":{"rendered":"https:\/\/carpinteriaartetxe.rkinformatika.online\/?page_id=30"},"modified":"2025-08-21T07:57:10","modified_gmt":"2025-08-21T07:57:10","slug":"servicios","status":"publish","type":"page","link":"https:\/\/primatimberproducts.eu\/eu\/servicios\/","title":{"rendered":"Zerbitzuak"},"content":{"rendered":"<div data-elementor-type=\"wp-page\" data-elementor-id=\"30\" class=\"elementor elementor-30\" data-elementor-post-type=\"page\">\n\t\t\t\t<div class=\"elementor-element elementor-element-ca0447d e-con-full e-flex e-con e-parent\" data-id=\"ca0447d\" data-element_type=\"container\" data-e-type=\"container\" data-settings=\"{&quot;background_background&quot;:&quot;classic&quot;}\">\n\t\t\t\t<div class=\"elementor-element elementor-element-0d6c90a elementor-widget elementor-widget-heading\" data-id=\"0d6c90a\" data-element_type=\"widget\" data-e-type=\"widget\" data-widget_type=\"heading.default\">\n\t\t\t\t<div class=\"elementor-widget-container\">\n\t\t\t\t\t<h2 class=\"elementor-heading-title elementor-size-default\">Zerbitzuak<\/h2>\t\t\t\t<\/div>\n\t\t\t\t<\/div>\n\t\t\t\t<\/div>\n\t\t<div class=\"elementor-element elementor-element-3b821b3 e-flex e-con-boxed e-con e-parent\" data-id=\"3b821b3\" data-element_type=\"container\" data-e-type=\"container\">\n\t\t\t\t\t<div class=\"e-con-inner\">\n\t\t\t\t<div class=\"elementor-element elementor-element-c63b18b elementor-widget__width-inherit elementor-widget elementor-widget-image-box\" data-id=\"c63b18b\" data-element_type=\"widget\" data-e-type=\"widget\" data-widget_type=\"image-box.default\">\n\t\t\t\t<div class=\"elementor-widget-container\">\n\t\t\t\t\t<div class=\"elementor-image-box-wrapper\"><div class=\"elementor-image-box-content\"><h3 class=\"elementor-image-box-title\">Fabricaci\u00f3n Especializada<\/h3><p class=\"elementor-image-box-description\">Dise\u00f1amos y producimos estructuras de madera de alta calidad para proyectos de construcci\u00f3n, as\u00ed como piezas \u00fanicas de carpinter\u00eda y ebanister\u00eda, que combinan funcionalidad, durabilidad y est\u00e9tica.\n<br><br>\n- Estructuras de soporte para edificaciones.\n<br>\n- Vigas, paneles y revestimientos de madera.\n<br>\n- Mobiliario y acabados personalizados.\n<br>\n- Piezas decorativas y funcionales a medida.<\/p><\/div><\/div>\t\t\t\t<\/div>\n\t\t\t\t<\/div>\n\t\t\t\t<div class=\"elementor-element elementor-element-3089920 elementor-widget__width-inherit elementor-widget elementor-widget-image-box\" data-id=\"3089920\" data-element_type=\"widget\" data-e-type=\"widget\" data-widget_type=\"image-box.default\">\n\t\t\t\t<div class=\"elementor-widget-container\">\n\t\t\t\t\t<div class=\"elementor-image-box-wrapper\"><div class=\"elementor-image-box-content\"><h3 class=\"elementor-image-box-title\">Compra y Venta de Productos<\/h3><p class=\"elementor-image-box-description\">Gestionamos la adquisici\u00f3n y comercializaci\u00f3n de una amplia gama de materiales de madera y otros bienes relacionados con la construcci\u00f3n.\n<br><br>\n- Productos de madera maciza y compuesta.<br>\n- Materiales auxiliares como adhesivos, <br>barnices y elementos decorativos.<br>\n- Productos acabados y semiacabados listos para instalaci\u00f3n o transformaci\u00f3n.<\/p><\/div><\/div>\t\t\t\t<\/div>\n\t\t\t\t<\/div>\n\t\t\t\t<div class=\"elementor-element elementor-element-d95317a elementor-widget__width-inherit elementor-widget elementor-widget-image-box\" data-id=\"d95317a\" data-element_type=\"widget\" data-e-type=\"widget\" data-widget_type=\"image-box.default\">\n\t\t\t\t<div class=\"elementor-widget-container\">\n\t\t\t\t\t<div class=\"elementor-image-box-wrapper\"><div class=\"elementor-image-box-content\"><h3 class=\"elementor-image-box-title\">Importaci\u00f3n y Exportaci\u00f3n<\/h3><p class=\"elementor-image-box-description\">Facilitamos el comercio internacional de madera y materiales, asegurando el cumplimiento de todas las regulaciones aduaneras y est\u00e1ndares de calidad.\n<br><br>\n- Gesti\u00f3n de log\u00edstica internacional.<br>\n- Selecci\u00f3n de proveedores confiables en todo el mundo.<br>\n- Exportaci\u00f3n de productos con certificaci\u00f3n de calidad y sostenibilidad.<\/p><\/div><\/div>\t\t\t\t<\/div>\n\t\t\t\t<\/div>\n\t\t\t\t\t<\/div>\n\t\t\t\t<\/div>\n\t\t<div class=\"elementor-element elementor-element-e5fdc57 e-flex e-con-boxed e-con e-parent\" data-id=\"e5fdc57\" data-element_type=\"container\" data-e-type=\"container\">\n\t\t\t\t\t<div class=\"e-con-inner\">\n\t\t\t\t<div class=\"elementor-element elementor-element-44503d9 elementor-widget__width-inherit elementor-widget elementor-widget-image-box\" data-id=\"44503d9\" data-element_type=\"widget\" data-e-type=\"widget\" data-widget_type=\"image-box.default\">\n\t\t\t\t<div class=\"elementor-widget-container\">\n\t\t\t\t\t<div class=\"elementor-image-box-wrapper\"><div class=\"elementor-image-box-content\"><h3 class=\"elementor-image-box-title\">Industrializaci\u00f3n y Transformaci\u00f3n<\/h3><p class=\"elementor-image-box-description\">Transformamos la materia prima en productos acabados o semiacabados mediante procesos industriales avanzados.\n<br><br>\n- Corte, secado y tratamiento de madera.<br>\n- Elaboraci\u00f3n de piezas personalizadas para proyectos espec\u00edficos.<br>\n- Uso de tecnolog\u00eda avanzada para garantizar precisi\u00f3n y calidad.<br><\/p><\/div><\/div>\t\t\t\t<\/div>\n\t\t\t\t<\/div>\n\t\t\t\t<div class=\"elementor-element elementor-element-b22fa82 elementor-widget__width-inherit elementor-widget elementor-widget-image-box\" data-id=\"b22fa82\" data-element_type=\"widget\" data-e-type=\"widget\" data-widget_type=\"image-box.default\">\n\t\t\t\t<div class=\"elementor-widget-container\">\n\t\t\t\t\t<div class=\"elementor-image-box-wrapper\"><div class=\"elementor-image-box-content\"><h3 class=\"elementor-image-box-title\">Distribuci\u00f3n y Log\u00edstica<\/h3><p class=\"elementor-image-box-description\">Ofrecemos soluciones log\u00edsticas eficientes para la entrega de productos a tiempo, minimizando costos y maximizando la eficiencia.\n<br><br>\n- Transporte seguro y r\u00e1pido.<br>\n- Gesti\u00f3n de inventarios y almacenamiento.<br>\n- Distribuci\u00f3n nacional e internacional.<br><\/p><\/div><\/div>\t\t\t\t<\/div>\n\t\t\t\t<\/div>\n\t\t\t\t<div class=\"elementor-element elementor-element-b88bc49 elementor-widget__width-inherit elementor-widget elementor-widget-image-box\" data-id=\"b88bc49\" data-element_type=\"widget\" data-e-type=\"widget\" data-widget_type=\"image-box.default\">\n\t\t\t\t<div class=\"elementor-widget-container\">\n\t\t\t\t\t<div class=\"elementor-image-box-wrapper\"><div class=\"elementor-image-box-content\"><h3 class=\"elementor-image-box-title\">Asesoramiento y Representaci\u00f3n<\/h3><p class=\"elementor-image-box-description\">Brindamos orientaci\u00f3n experta en proyectos relacionados con madera y construcci\u00f3n, adem\u00e1s de representar marcas y productos l\u00edderes en el sector.\n<br><br>\n- Consultor\u00eda t\u00e9cnica para proyectos arquitect\u00f3nicos.<br>\n- Selecci\u00f3n de materiales ideales para cada aplicaci\u00f3n.<br>\n- Representaci\u00f3n comercial de marcas en mercados nuevos o existentes.<br><\/p><\/div><\/div>\t\t\t\t<\/div>\n\t\t\t\t<\/div>\n\t\t\t\t\t<\/div>\n\t\t\t\t<\/div>\n\t\t<div class=\"elementor-element elementor-element-4811291 e-flex e-con-boxed e-con e-parent\" data-id=\"4811291\" data-element_type=\"container\" data-e-type=\"container\">\n\t\t\t\t\t<div class=\"e-con-inner\">\n\t\t\t\t<div class=\"elementor-element elementor-element-dc33097 elementor-widget__width-inherit elementor-widget elementor-widget-image-box\" data-id=\"dc33097\" data-element_type=\"widget\" data-e-type=\"widget\" data-widget_type=\"image-box.default\">\n\t\t\t\t<div class=\"elementor-widget-container\">\n\t\t\t\t\t<div class=\"elementor-image-box-wrapper\"><div class=\"elementor-image-box-content\"><h3 class=\"elementor-image-box-title\">Intermediaci\u00f3n y Concesi\u00f3n<\/h3><p class=\"elementor-image-box-description\">Actuamos como enlace entre productores y consumidores, facilitando acuerdos comerciales beneficiosos para ambas partes.\n<br><br>\n- Negociaci\u00f3n de contratos y t\u00e9rminos comerciales.<br>\n- Concesi\u00f3n de derechos para distribuci\u00f3n o uso exclusivo.<br><\/p><\/div><\/div>\t\t\t\t<\/div>\n\t\t\t\t<\/div>\n\t\t\t\t<div class=\"elementor-element elementor-element-465dc7a elementor-widget__width-inherit elementor-widget elementor-widget-image-box\" data-id=\"465dc7a\" data-element_type=\"widget\" data-e-type=\"widget\" data-widget_type=\"image-box.default\">\n\t\t\t\t<div class=\"elementor-widget-container\">\n\t\t\t\t\t<div class=\"elementor-image-box-wrapper\"><div class=\"elementor-image-box-content\"><h3 class=\"elementor-image-box-title\">Comisi\u00f3n y Arrendamiento<\/h3><p class=\"elementor-image-box-description\">Proporcionamos servicios de comisi\u00f3n en operaciones comerciales y arrendamiento de bienes y equipos relacionados con la construcci\u00f3n.\n<br><br>\n- Gesti\u00f3n de acuerdos de intermediaci\u00f3n con proveedores y clientes.<br>\n- Arrendamiento de maquinaria, herramientas y equipos especializados.<br><\/p><\/div><\/div>\t\t\t\t<\/div>\n\t\t\t\t<\/div>\n\t\t\t\t<div class=\"elementor-element elementor-element-cedb7aa elementor-widget__width-inherit elementor-widget elementor-widget-image-box\" data-id=\"cedb7aa\" data-element_type=\"widget\" data-e-type=\"widget\" data-widget_type=\"image-box.default\">\n\t\t\t\t<div class=\"elementor-widget-container\">\n\t\t\t\t\t<div class=\"elementor-image-box-wrapper\"><div class=\"elementor-image-box-content\"><h3 class=\"elementor-image-box-title\">Compromiso con la Sostenibilidad<\/h3><p class=\"elementor-image-box-description\">Promovemos el uso responsable de los recursos forestales y adoptamos pr\u00e1cticas sostenibles en todos nuestros procesos.<\/p><\/div><\/div>\t\t\t\t<\/div>\n\t\t\t\t<\/div>\n\t\t\t\t\t<\/div>\n\t\t\t\t<\/div>\n\t\t<div class=\"elementor-element elementor-element-b49fb7e e-con-full e-flex e-con e-parent\" data-id=\"b49fb7e\" data-element_type=\"container\" data-e-type=\"container\">\n\t\t\t\t<div class=\"elementor-element elementor-element-da0ecca elementor-cta--skin-cover elementor-animated-content elementor-bg-transform elementor-bg-transform-zoom-in elementor-widget elementor-widget-call-to-action\" data-id=\"da0ecca\" data-element_type=\"widget\" data-e-type=\"widget\" data-widget_type=\"call-to-action.default\">\n\t\t\t\t<div class=\"elementor-widget-container\">\n\t\t\t\t\t\t\t<div class=\"elementor-cta\">\n\t\t\t\t\t<div class=\"elementor-cta__bg-wrapper\">\n\t\t\t\t<div class=\"elementor-cta__bg elementor-bg\" style=\"background-image: url(https:\/\/primatimberproducts.eu\/wp-content\/uploads\/2025\/01\/11023.jpg);\" role=\"img\" aria-label=\"11023\"><\/div>\n\t\t\t\t<div class=\"elementor-cta__bg-overlay\"><\/div>\n\t\t\t<\/div>\n\t\t\t\t\t\t\t<div class=\"elementor-cta__content\">\n\t\t\t\t\n\t\t\t\t\t\t\t\t\t<h2 class=\"elementor-cta__title elementor-cta__content-item elementor-content-item elementor-animated-item--grow\">\n\t\t\t\t\t\t\u00a1Cont\u00e1ctanos hoy!\t\t\t\t\t<\/h2>\n\t\t\t\t\n\t\t\t\t\t\t\t\t\t<div class=\"elementor-cta__description elementor-cta__content-item elementor-content-item elementor-animated-item--grow\">\n\t\t\t\t\t\tNuestro equipo de expertos est\u00e1 listo para asesorarte.\t\t\t\t\t<\/div>\n\t\t\t\t\n\t\t\t\t\t\t\t\t\t<div class=\"elementor-cta__button-wrapper elementor-cta__content-item elementor-content-item elementor-animated-item--grow\">\n\t\t\t\t\t<a class=\"elementor-cta__button elementor-button elementor-size-\" href=\"https:\/\/primatimberproducts.eu\/eu\/contacto\/\">\n\t\t\t\t\t\tCont\u00e1ctanos\t\t\t\t\t<\/a>\n\t\t\t\t\t<\/div>\n\t\t\t\t\t\t\t<\/div>\n\t\t\t\t\t\t<\/div>\n\t\t\t\t\t\t<\/div>\n\t\t\t\t<\/div>\n\t\t\t\t<\/div>\n\t\t\t\t<\/div>","protected":false},"excerpt":{"rendered":"<p>Servicios Fabricaci\u00f3n Especializada Dise\u00f1amos y producimos estructuras de madera de alta calidad para proyectos de construcci\u00f3n, as\u00ed como piezas \u00fanicas de carpinter\u00eda y ebanister\u00eda, que combinan funcionalidad, durabilidad y est\u00e9tica. &#8211; Estructuras de soporte para edificaciones. &#8211; Vigas, paneles y revestimientos de madera. &#8211; Mobiliario y acabados personalizados. &#8211; Piezas decorativas y funcionales a medida. [&hellip;]<\/p>\n","protected":false},"author":3,"featured_media":0,"parent":0,"menu_order":0,"comment_status":"closed","ping_status":"closed","template":"","meta":{"footnotes":""},"class_list":["post-30","page","type-page","status-publish","hentry"],"yoast_head":"<!-- This site is optimized with the Yoast SEO plugin v27.5 - https:\/\/yoast.com\/product\/yoast-seo-wordpress\/ -->\n<title>Servicios - Prima Timber Productos SL<\/title>\n<meta name=\"robots\" content=\"index, follow, max-snippet:-1, max-image-preview:large, max-video-preview:-1\" \/>\n<link rel=\"canonical\" href=\"https:\/\/primatimberproducts.eu\/eu\/servicios\/\" \/>\n<meta property=\"og:locale\" content=\"en_US\" \/>\n<meta property=\"og:type\" content=\"article\" \/>\n<meta property=\"og:title\" content=\"Servicios - Prima Timber Productos SL\" \/>\n<meta property=\"og:description\" content=\"Servicios Fabricaci\u00f3n Especializada Dise\u00f1amos y producimos estructuras de madera de alta calidad para proyectos de construcci\u00f3n, as\u00ed como piezas \u00fanicas de carpinter\u00eda y ebanister\u00eda, que combinan funcionalidad, durabilidad y est\u00e9tica. &#8211; Estructuras de soporte para edificaciones. &#8211; Vigas, paneles y revestimientos de madera. &#8211; Mobiliario y acabados personalizados. &#8211; Piezas decorativas y funcionales a medida. [&hellip;]\" \/>\n<meta property=\"og:url\" content=\"https:\/\/primatimberproducts.eu\/eu\/servicios\/\" \/>\n<meta property=\"og:site_name\" content=\"Prima Timber Productos SL\" \/>\n<meta property=\"article:modified_time\" content=\"2025-08-21T07:57:10+00:00\" \/>\n<meta name=\"twitter:card\" content=\"summary_large_image\" \/>\n<meta name=\"twitter:label1\" content=\"Est. reading time\" \/>\n\t<meta name=\"twitter:data1\" content=\"2 minutua\" \/>\n<script type=\"application\/ld+json\" class=\"yoast-schema-graph\">{\"@context\":\"https:\\\/\\\/schema.org\",\"@graph\":[{\"@type\":\"WebPage\",\"@id\":\"https:\\\/\\\/primatimberproducts.eu\\\/servicios\\\/\",\"url\":\"https:\\\/\\\/primatimberproducts.eu\\\/servicios\\\/\",\"name\":\"Servicios - Prima Timber Productos SL\",\"isPartOf\":{\"@id\":\"https:\\\/\\\/primatimberproducts.eu\\\/#website\"},\"datePublished\":\"2024-09-20T11:50:15+00:00\",\"dateModified\":\"2025-08-21T07:57:10+00:00\",\"breadcrumb\":{\"@id\":\"https:\\\/\\\/primatimberproducts.eu\\\/servicios\\\/#breadcrumb\"},\"inLanguage\":\"eu\",\"potentialAction\":[{\"@type\":\"ReadAction\",\"target\":[\"https:\\\/\\\/primatimberproducts.eu\\\/servicios\\\/\"]}]},{\"@type\":\"BreadcrumbList\",\"@id\":\"https:\\\/\\\/primatimberproducts.eu\\\/servicios\\\/#breadcrumb\",\"itemListElement\":[{\"@type\":\"ListItem\",\"position\":1,\"name\":\"Portada\",\"item\":\"https:\\\/\\\/primatimberproducts.eu\\\/\"},{\"@type\":\"ListItem\",\"position\":2,\"name\":\"Servicios\"}]},{\"@type\":\"WebSite\",\"@id\":\"https:\\\/\\\/primatimberproducts.eu\\\/#website\",\"url\":\"https:\\\/\\\/primatimberproducts.eu\\\/\",\"name\":\"Prima Timber Productos SL\",\"description\":\"Intermediarios del comercio de la madera y materiales de construcci\u00f3n\",\"publisher\":{\"@id\":\"https:\\\/\\\/primatimberproducts.eu\\\/#organization\"},\"potentialAction\":[{\"@type\":\"SearchAction\",\"target\":{\"@type\":\"EntryPoint\",\"urlTemplate\":\"https:\\\/\\\/primatimberproducts.eu\\\/?s={search_term_string}\"},\"query-input\":{\"@type\":\"PropertyValueSpecification\",\"valueRequired\":true,\"valueName\":\"search_term_string\"}}],\"inLanguage\":\"eu\"},{\"@type\":\"Organization\",\"@id\":\"https:\\\/\\\/primatimberproducts.eu\\\/#organization\",\"name\":\"Prima Timber Productos SL\",\"url\":\"https:\\\/\\\/primatimberproducts.eu\\\/\",\"logo\":{\"@type\":\"ImageObject\",\"inLanguage\":\"eu\",\"@id\":\"https:\\\/\\\/primatimberproducts.eu\\\/#\\\/schema\\\/logo\\\/image\\\/\",\"url\":\"https:\\\/\\\/primatimberproducts.eu\\\/wp-content\\\/uploads\\\/2025\\\/01\\\/cropped-prime-timber-logo-Definitiu.png\",\"contentUrl\":\"https:\\\/\\\/primatimberproducts.eu\\\/wp-content\\\/uploads\\\/2025\\\/01\\\/cropped-prime-timber-logo-Definitiu.png\",\"width\":793,\"height\":648,\"caption\":\"Prima Timber Productos SL\"},\"image\":{\"@id\":\"https:\\\/\\\/primatimberproducts.eu\\\/#\\\/schema\\\/logo\\\/image\\\/\"}}]}<\/script>\n<!-- \/ Yoast SEO plugin. -->","yoast_head_json":{"title":"Servicios - Prima Timber Productos SL","robots":{"index":"index","follow":"follow","max-snippet":"max-snippet:-1","max-image-preview":"max-image-preview:large","max-video-preview":"max-video-preview:-1"},"canonical":"https:\/\/primatimberproducts.eu\/eu\/servicios\/","og_locale":"en_US","og_type":"article","og_title":"Servicios - Prima Timber Productos SL","og_description":"Servicios Fabricaci\u00f3n Especializada Dise\u00f1amos y producimos estructuras de madera de alta calidad para proyectos de construcci\u00f3n, as\u00ed como piezas \u00fanicas de carpinter\u00eda y ebanister\u00eda, que combinan funcionalidad, durabilidad y est\u00e9tica. &#8211; Estructuras de soporte para edificaciones. &#8211; Vigas, paneles y revestimientos de madera. &#8211; Mobiliario y acabados personalizados. &#8211; Piezas decorativas y funcionales a medida. [&hellip;]","og_url":"https:\/\/primatimberproducts.eu\/eu\/servicios\/","og_site_name":"Prima Timber Productos SL","article_modified_time":"2025-08-21T07:57:10+00:00","twitter_card":"summary_large_image","twitter_misc":{"Est. reading time":"2 minutua"},"schema":{"@context":"https:\/\/schema.org","@graph":[{"@type":"WebPage","@id":"https:\/\/primatimberproducts.eu\/servicios\/","url":"https:\/\/primatimberproducts.eu\/servicios\/","name":"Servicios - Prima Timber Productos SL","isPartOf":{"@id":"https:\/\/primatimberproducts.eu\/#website"},"datePublished":"2024-09-20T11:50:15+00:00","dateModified":"2025-08-21T07:57:10+00:00","breadcrumb":{"@id":"https:\/\/primatimberproducts.eu\/servicios\/#breadcrumb"},"inLanguage":"eu","potentialAction":[{"@type":"ReadAction","target":["https:\/\/primatimberproducts.eu\/servicios\/"]}]},{"@type":"BreadcrumbList","@id":"https:\/\/primatimberproducts.eu\/servicios\/#breadcrumb","itemListElement":[{"@type":"ListItem","position":1,"name":"Portada","item":"https:\/\/primatimberproducts.eu\/"},{"@type":"ListItem","position":2,"name":"Servicios"}]},{"@type":"WebSite","@id":"https:\/\/primatimberproducts.eu\/#website","url":"https:\/\/primatimberproducts.eu\/","name":"Gironan dago,","description":"Intermediarios del comercio de la madera y materiales de construcci\u00f3n","publisher":{"@id":"https:\/\/primatimberproducts.eu\/#organization"},"potentialAction":[{"@type":"SearchAction","target":{"@type":"EntryPoint","urlTemplate":"https:\/\/primatimberproducts.eu\/?s={search_term_string}"},"query-input":{"@type":"PropertyValueSpecification","valueRequired":true,"valueName":"search_term_string"}}],"inLanguage":"eu"},{"@type":"Organization","@id":"https:\/\/primatimberproducts.eu\/#organization","name":"Gironan dago,","url":"https:\/\/primatimberproducts.eu\/","logo":{"@type":"ImageObject","inLanguage":"eu","@id":"https:\/\/primatimberproducts.eu\/#\/schema\/logo\/image\/","url":"https:\/\/primatimberproducts.eu\/wp-content\/uploads\/2025\/01\/cropped-prime-timber-logo-Definitiu.png","contentUrl":"https:\/\/primatimberproducts.eu\/wp-content\/uploads\/2025\/01\/cropped-prime-timber-logo-Definitiu.png","width":793,"height":648,"caption":"Prima Timber Productos SL"},"image":{"@id":"https:\/\/primatimberproducts.eu\/#\/schema\/logo\/image\/"}}]}},"_links":{"self":[{"href":"https:\/\/primatimberproducts.eu\/eu\/wp-json\/wp\/v2\/pages\/30","targetHints":{"allow":["GET"]}}],"collection":[{"href":"https:\/\/primatimberproducts.eu\/eu\/wp-json\/wp\/v2\/pages"}],"about":[{"href":"https:\/\/primatimberproducts.eu\/eu\/wp-json\/wp\/v2\/types\/page"}],"author":[{"embeddable":true,"href":"https:\/\/primatimberproducts.eu\/eu\/wp-json\/wp\/v2\/users\/3"}],"replies":[{"embeddable":true,"href":"https:\/\/primatimberproducts.eu\/eu\/wp-json\/wp\/v2\/comments?post=30"}],"version-history":[{"count":124,"href":"https:\/\/primatimberproducts.eu\/eu\/wp-json\/wp\/v2\/pages\/30\/revisions"}],"predecessor-version":[{"id":695,"href":"https:\/\/primatimberproducts.eu\/eu\/wp-json\/wp\/v2\/pages\/30\/revisions\/695"}],"wp:attachment":[{"href":"https:\/\/primatimberproducts.eu\/eu\/wp-json\/wp\/v2\/media?parent=30"}],"curies":[{"name":"wp","href":"https:\/\/api.w.org\/{rel}","templated":true}]}}